{"id":41,"date":"2025-02-06T16:38:14","date_gmt":"2025-02-06T16:38:14","guid":{"rendered":"https:\/\/kfagencia.com.br\/?page_id=41"},"modified":"2025-07-02T17:55:48","modified_gmt":"2025-07-02T17:55:48","slug":"marketing-estrategico-e-intencional","status":"publish","type":"page","link":"https:\/\/kfagencia.com.br\/","title":{"rendered":"Solu\u00e7\u00f5es personalizadas que conectam marcas a resultados reais. Vivemos o seu prop\u00f3sito!"},"content":{"rendered":"","protected":false},"excerpt":{"rendered":"","protected":false},"author":1,"featured_media":0,"parent":0,"menu_order":0,"comment_status":"closed","ping_status":"closed","template":"","meta":{"om_disable_all_campaigns":false,"_monsterinsights_skip_tracking":false,"_monsterinsights_sitenote_active":false,"_monsterinsights_sitenote_note":"","_monsterinsights_sitenote_category":0,"footnotes":""},"class_list":["post-41","page","type-page","status-publish","hentry"],"_links":{"self":[{"href":"https:\/\/kfagencia.com.br\/index.php?rest_route=\/wp\/v2\/pages\/41","targetHints":{"allow":["GET"]}}],"collection":[{"href":"https:\/\/kfagencia.com.br\/index.php?rest_route=\/wp\/v2\/pages"}],"about":[{"href":"https:\/\/kfagencia.com.br\/index.php?rest_route=\/wp\/v2\/types\/page"}],"author":[{"embeddable":true,"href":"https:\/\/kfagencia.com.br\/index.php?rest_route=\/wp\/v2\/users\/1"}],"replies":[{"embeddable":true,"href":"https:\/\/kfagencia.com.br\/index.php?rest_route=%2Fwp%2Fv2%2Fcomments&post=41"}],"version-history":[{"count":3,"href":"https:\/\/kfagencia.com.br\/index.php?rest_route=\/wp\/v2\/pages\/41\/revisions"}],"predecessor-version":[{"id":53,"href":"https:\/\/kfagencia.com.br\/index.php?rest_route=\/wp\/v2\/pages\/41\/revisions\/53"}],"wp:attachment":[{"href":"https:\/\/kfagencia.com.br\/index.php?rest_route=%2Fwp%2Fv2%2Fmedia&parent=41"}],"curies":[{"name":"wp","href":"https:\/\/api.w.org\/{rel}","templated":true}]}}